{"id":1337,"date":"2026-01-31T17:01:11","date_gmt":"2026-01-31T17:01:11","guid":{"rendered":"https:\/\/schmellco.com\/faq\/"},"modified":"2026-04-02T23:39:09","modified_gmt":"2026-04-02T23:39:09","slug":"faq","status":"publish","type":"page","link":"https:\/\/schmellco.com\/hu\/faq\/","title":{"rendered":"GYIK"},"content":{"rendered":"<div data-elementor-type=\"wp-post\" data-elementor-id=\"1337\" class=\"elementor elementor-1337\">\n\t\t\t\t<div class=\"elementor-element elementor-element-f721e0a e-flex e-con-boxed e-con e-parent\" data-id=\"f721e0a\" data-element_type=\"container\" data-e-type=\"container\" data-settings=\"{&quot;background_background&quot;:&quot;classic&quot;}\">\n\t\t\t\t\t<div class=\"e-con-inner\">\n\t\t<div class=\"elementor-element elementor-element-11b45bc e-con-full e-flex e-con e-child\" data-id=\"11b45bc\" data-element_type=\"container\" data-e-type=\"container\">\n\t\t\t\t<div class=\"elementor-element elementor-element-6c7ccf1 elementor-widget elementor-widget-heading\" data-id=\"6c7ccf1\" data-element_type=\"widget\" data-e-type=\"widget\" data-widget_type=\"heading.default\">\n\t\t\t\t<div class=\"elementor-widget-container\">\n\t\t\t\t\t<h1 class=\"elementor-heading-title elementor-size-default\">Gyakran Ism\u00e9telt K\u00e9rd\u00e9sek<\/h1>\t\t\t\t<\/div>\n\t\t\t\t<\/div>\n\t\t\t\t<\/div>\n\t\t\t\t\t<\/div>\n\t\t\t\t<\/div>\n\t\t<div class=\"elementor-element elementor-element-677f7e2 e-flex e-con-boxed e-con e-parent\" data-id=\"677f7e2\" data-element_type=\"container\" data-e-type=\"container\" data-settings=\"{&quot;background_background&quot;:&quot;classic&quot;}\">\n\t\t\t\t\t<div class=\"e-con-inner\">\n\t\t<div class=\"elementor-element elementor-element-5ccd126 e-con-full e-flex e-con e-child\" data-id=\"5ccd126\" data-element_type=\"container\" data-e-type=\"container\">\n\t\t\t\t<div class=\"elementor-element elementor-element-7c4c5c8 elementor-widget elementor-widget-accordion\" data-id=\"7c4c5c8\" data-element_type=\"widget\" data-e-type=\"widget\" data-widget_type=\"accordion.default\">\n\t\t\t\t<div class=\"elementor-widget-container\">\n\t\t\t\t\t\t\t<div class=\"elementor-accordion\">\n\t\t\t\t\t\t\t<div class=\"elementor-accordion-item\">\n\t\t\t\t\t<h6 id=\"elementor-tab-title-1301\" class=\"elementor-tab-title\" data-tab=\"1\" role=\"button\" aria-controls=\"elementor-tab-content-1301\" aria-expanded=\"false\">\n\t\t\t\t\t\t\t\t\t\t\t\t\t<span class=\"elementor-accordion-icon elementor-accordion-icon-left\" aria-hidden=\"true\">\n\t\t\t\t\t\t\t\t\t\t\t\t\t\t\t<span class=\"elementor-accordion-icon-closed\"><i class=\"fas fa-plus\"><\/i><\/span>\n\t\t\t\t\t\t\t\t<span class=\"elementor-accordion-icon-opened\"><i class=\"fas fa-minus\"><\/i><\/span>\n\t\t\t\t\t\t\t\t\t\t\t\t\t\t<\/span>\n\t\t\t\t\t\t\t\t\t\t\t\t<a class=\"elementor-accordion-title\" tabindex=\"0\">\u00c1raj\u00e1nlatra van sz\u00fcks\u00e9gem. Kihez fordulhatok?<\/a>\n\t\t\t\t\t<\/h6>\n\t\t\t\t\t<div id=\"elementor-tab-content-1301\" class=\"elementor-tab-content elementor-clearfix\" data-tab=\"1\" role=\"region\" aria-labelledby=\"elementor-tab-title-1301\"><p>\u00c1raj\u00e1nlat k\u00e9r\u00e9s\u00e9hez k\u00e9rj\u00fck, vegye fel a kapcsolatot irod\u00e1nkkal telefonon vagy e-mailben. Csapatunk egyik tagja seg\u00edts\u00e9get ny\u00fajt, \u00e9s megkeres\u00e9s\u00e9t a megfelel\u0151 \u00fcgyv\u00e9dhez ir\u00e1ny\u00edtja.<\/p><\/div>\n\t\t\t\t<\/div>\n\t\t\t\t\t\t\t<div class=\"elementor-accordion-item\">\n\t\t\t\t\t<h6 id=\"elementor-tab-title-1302\" class=\"elementor-tab-title\" data-tab=\"2\" role=\"button\" aria-controls=\"elementor-tab-content-1302\" aria-expanded=\"false\">\n\t\t\t\t\t\t\t\t\t\t\t\t\t<span class=\"elementor-accordion-icon elementor-accordion-icon-left\" aria-hidden=\"true\">\n\t\t\t\t\t\t\t\t\t\t\t\t\t\t\t<span class=\"elementor-accordion-icon-closed\"><i class=\"fas fa-plus\"><\/i><\/span>\n\t\t\t\t\t\t\t\t<span class=\"elementor-accordion-icon-opened\"><i class=\"fas fa-minus\"><\/i><\/span>\n\t\t\t\t\t\t\t\t\t\t\t\t\t\t<\/span>\n\t\t\t\t\t\t\t\t\t\t\t\t<a class=\"elementor-accordion-title\" tabindex=\"0\">Milyen fizet\u00e9si m\u00f3dokat fogadnak el?<\/a>\n\t\t\t\t\t<\/h6>\n\t\t\t\t\t<div id=\"elementor-tab-content-1302\" class=\"elementor-tab-content elementor-clearfix\" data-tab=\"2\" role=\"region\" aria-labelledby=\"elementor-tab-title-1302\"><p>Fizet\u00e9sk\u00e9nt elfogadjuk a f\u0151bb hitel- \u00e9s bankk\u00e1rty\u00e1kat, valamint az \u00e1tutal\u00e1st.<\/p><\/div>\n\t\t\t\t<\/div>\n\t\t\t\t\t\t\t<div class=\"elementor-accordion-item\">\n\t\t\t\t\t<h6 id=\"elementor-tab-title-1303\" class=\"elementor-tab-title\" data-tab=\"3\" role=\"button\" aria-controls=\"elementor-tab-content-1303\" aria-expanded=\"false\">\n\t\t\t\t\t\t\t\t\t\t\t\t\t<span class=\"elementor-accordion-icon elementor-accordion-icon-left\" aria-hidden=\"true\">\n\t\t\t\t\t\t\t\t\t\t\t\t\t\t\t<span class=\"elementor-accordion-icon-closed\"><i class=\"fas fa-plus\"><\/i><\/span>\n\t\t\t\t\t\t\t\t<span class=\"elementor-accordion-icon-opened\"><i class=\"fas fa-minus\"><\/i><\/span>\n\t\t\t\t\t\t\t\t\t\t\t\t\t\t<\/span>\n\t\t\t\t\t\t\t\t\t\t\t\t<a class=\"elementor-accordion-title\" tabindex=\"0\">\u00d6n a megfelel\u0151 \u00fcgyv\u00e9di iroda sz\u00e1momra?<\/a>\n\t\t\t\t\t<\/h6>\n\t\t\t\t\t<div id=\"elementor-tab-content-1303\" class=\"elementor-tab-content elementor-clearfix\" data-tab=\"3\" role=\"region\" aria-labelledby=\"elementor-tab-title-1303\"><p>Elk\u00f6telezettek vagyunk amellett, hogy \u00e1tgondolt, gyors reag\u00e1l\u00e1s\u00fa \u00e9s hat\u00e9kony jogi k\u00e9pviseletet ny\u00fajtsunk, amely minden \u00fcgyf\u00e9l egyedi ig\u00e9nyeihez igazodik, bele\u00e9rtve a hat\u00e1rokon \u00e1tny\u00fal\u00f3 \u00fcgyekkel rendelkez\u0151 mag\u00e1nszem\u00e9lyeket \u00e9s v\u00e1llalkoz\u00e1sokat is. Sz\u00edvesen \u00e1llunk rendelkez\u00e9s\u00e9re annak megvitat\u00e1s\u00e1ra, hogy mik\u00e9nt tudunk seg\u00edts\u00e9get ny\u00fajtani.<\/p><\/div>\n\t\t\t\t<\/div>\n\t\t\t\t\t\t\t<div class=\"elementor-accordion-item\">\n\t\t\t\t\t<h6 id=\"elementor-tab-title-1304\" class=\"elementor-tab-title\" data-tab=\"4\" role=\"button\" aria-controls=\"elementor-tab-content-1304\" aria-expanded=\"false\">\n\t\t\t\t\t\t\t\t\t\t\t\t\t<span class=\"elementor-accordion-icon elementor-accordion-icon-left\" aria-hidden=\"true\">\n\t\t\t\t\t\t\t\t\t\t\t\t\t\t\t<span class=\"elementor-accordion-icon-closed\"><i class=\"fas fa-plus\"><\/i><\/span>\n\t\t\t\t\t\t\t\t<span class=\"elementor-accordion-icon-opened\"><i class=\"fas fa-minus\"><\/i><\/span>\n\t\t\t\t\t\t\t\t\t\t\t\t\t\t<\/span>\n\t\t\t\t\t\t\t\t\t\t\t\t<a class=\"elementor-accordion-title\" tabindex=\"0\">Hogyan kapok t\u00e1j\u00e9koztat\u00e1st az \u00fcgyemr\u0151l?<\/a>\n\t\t\t\t\t<\/h6>\n\t\t\t\t\t<div id=\"elementor-tab-content-1304\" class=\"elementor-tab-content elementor-clearfix\" data-tab=\"4\" role=\"region\" aria-labelledby=\"elementor-tab-title-1304\"><p>\u00dcgyfeleinket rendszeres t\u00e1j\u00e9koztat\u00e1ssal \u00e9s a megkeres\u00e9sekre adott gyors v\u00e1laszokkal tartjuk naprak\u00e9szen. Id\u0151ben \u00e9rtes\u00edt\u00e9st kap minden jelent\u0151s fejlem\u00e9nyr\u0151l az \u00fcgy\u00e9vel kapcsolatban, \u00e9s csapatunk folyamatosan rendelkez\u00e9sre \u00e1ll a felmer\u00fcl\u0151 k\u00e9rd\u00e9sek megv\u00e1laszol\u00e1s\u00e1ra.<\/p><\/div>\n\t\t\t\t<\/div>\n\t\t\t\t\t\t\t\t<\/div>\n\t\t\t\t\t\t<\/div>\n\t\t\t\t<\/div>\n\t\t\t\t<\/div>\n\t\t<div class=\"elementor-element elementor-element-8fb4a1d e-con-full e-flex e-con e-child\" data-id=\"8fb4a1d\" data-element_type=\"container\" data-e-type=\"container\">\n\t\t\t\t<div class=\"elementor-element elementor-element-20e0207 elementor-widget elementor-widget-accordion\" data-id=\"20e0207\" data-element_type=\"widget\" data-e-type=\"widget\" data-widget_type=\"accordion.default\">\n\t\t\t\t<div class=\"elementor-widget-container\">\n\t\t\t\t\t\t\t<div class=\"elementor-accordion\">\n\t\t\t\t\t\t\t<div class=\"elementor-accordion-item\">\n\t\t\t\t\t<h6 id=\"elementor-tab-title-3441\" class=\"elementor-tab-title\" data-tab=\"1\" role=\"button\" aria-controls=\"elementor-tab-content-3441\" aria-expanded=\"false\">\n\t\t\t\t\t\t\t\t\t\t\t\t\t<span class=\"elementor-accordion-icon elementor-accordion-icon-left\" aria-hidden=\"true\">\n\t\t\t\t\t\t\t\t\t\t\t\t\t\t\t<span class=\"elementor-accordion-icon-closed\"><i class=\"fas fa-plus\"><\/i><\/span>\n\t\t\t\t\t\t\t\t<span class=\"elementor-accordion-icon-opened\"><i class=\"fas fa-minus\"><\/i><\/span>\n\t\t\t\t\t\t\t\t\t\t\t\t\t\t<\/span>\n\t\t\t\t\t\t\t\t\t\t\t\t<a class=\"elementor-accordion-title\" tabindex=\"0\">Hogyan l\u00e9phetek kapcsolatba az irod\u00e1val?<\/a>\n\t\t\t\t\t<\/h6>\n\t\t\t\t\t<div id=\"elementor-tab-content-3441\" class=\"elementor-tab-content elementor-clearfix\" data-tab=\"1\" role=\"region\" aria-labelledby=\"elementor-tab-title-3441\"><p>Irod\u00e1nk telefonon vagy e-mailben \u00e9rhet\u0151 el. Minden megkeres\u00e9st r\u00f6vid id\u0151n bel\u00fcl fel\u00fclvizsg\u00e1lunk \u00e9s kezel\u00fcnk.<\/p><\/div>\n\t\t\t\t<\/div>\n\t\t\t\t\t\t\t<div class=\"elementor-accordion-item\">\n\t\t\t\t\t<h6 id=\"elementor-tab-title-3442\" class=\"elementor-tab-title\" data-tab=\"2\" role=\"button\" aria-controls=\"elementor-tab-content-3442\" aria-expanded=\"false\">\n\t\t\t\t\t\t\t\t\t\t\t\t\t<span class=\"elementor-accordion-icon elementor-accordion-icon-left\" aria-hidden=\"true\">\n\t\t\t\t\t\t\t\t\t\t\t\t\t\t\t<span class=\"elementor-accordion-icon-closed\"><i class=\"fas fa-plus\"><\/i><\/span>\n\t\t\t\t\t\t\t\t<span class=\"elementor-accordion-icon-opened\"><i class=\"fas fa-minus\"><\/i><\/span>\n\t\t\t\t\t\t\t\t\t\t\t\t\t\t<\/span>\n\t\t\t\t\t\t\t\t\t\t\t\t<a class=\"elementor-accordion-title\" tabindex=\"0\">Val\u00f3ban sz\u00fcks\u00e9gem van \u00fcgyv\u00e9dre?<\/a>\n\t\t\t\t\t<\/h6>\n\t\t\t\t\t<div id=\"elementor-tab-content-3442\" class=\"elementor-tab-content elementor-clearfix\" data-tab=\"2\" role=\"region\" aria-labelledby=\"elementor-tab-title-3442\"><p>Nem minden helyzetben sz\u00fcks\u00e9ges \u00fcgyv\u00e9d, azonban a jogi tan\u00e1csad\u00e1s vil\u00e1goss\u00e1got, nyugalmat \u00e9s az \u00e9rdekei v\u00e9delm\u00e9t biztos\u00edthatja. Irod\u00e1nk k\u00e9szs\u00e9ggel seg\u00edt \u00d6nnek a legmegfelel\u0151bb l\u00e9p\u00e9sek meghat\u00e1roz\u00e1s\u00e1ban.<\/p><\/div>\n\t\t\t\t<\/div>\n\t\t\t\t\t\t\t<div class=\"elementor-accordion-item\">\n\t\t\t\t\t<h6 id=\"elementor-tab-title-3443\" class=\"elementor-tab-title\" data-tab=\"3\" role=\"button\" aria-controls=\"elementor-tab-content-3443\" aria-expanded=\"false\">\n\t\t\t\t\t\t\t\t\t\t\t\t\t<span class=\"elementor-accordion-icon elementor-accordion-icon-left\" aria-hidden=\"true\">\n\t\t\t\t\t\t\t\t\t\t\t\t\t\t\t<span class=\"elementor-accordion-icon-closed\"><i class=\"fas fa-plus\"><\/i><\/span>\n\t\t\t\t\t\t\t\t<span class=\"elementor-accordion-icon-opened\"><i class=\"fas fa-minus\"><\/i><\/span>\n\t\t\t\t\t\t\t\t\t\t\t\t\t\t<\/span>\n\t\t\t\t\t\t\t\t\t\t\t\t<a class=\"elementor-accordion-title\" tabindex=\"0\">Mi\u00e9rt van sz\u00fcks\u00e9gem v\u00e9grendeletre?<\/a>\n\t\t\t\t\t<\/h6>\n\t\t\t\t\t<div id=\"elementor-tab-content-3443\" class=\"elementor-tab-content elementor-clearfix\" data-tab=\"3\" role=\"region\" aria-labelledby=\"elementor-tab-title-3443\"><p>A v\u00e9grendelet lehet\u0151v\u00e9 teszi, hogy \u00d6n rendelkezzen vagyon\u00e1nak feloszt\u00e1s\u00e1r\u00f3l, kijel\u00f6lje kiskor\u00fa gyermekei gy\u00e1mj\u00e1t, valamint megv\u00e9dje hozz\u00e1tartoz\u00f3it az\u00e1ltal, hogy cs\u00f6kkenti a bizonytalans\u00e1got \u00e9s elker\u00fcli a lehets\u00e9ges jogvit\u00e1kat. Vil\u00e1goss\u00e1got \u00e9s nyugalmat biztos\u00edt, mivel garant\u00e1lja, hogy k\u00edv\u00e1ns\u00e1gai tiszteletben legyenek tartva \u00e9s a jogszab\u00e1lyoknak megfelel\u0151en ker\u00fcljenek v\u00e9grehajt\u00e1sra.<\/p><\/div>\n\t\t\t\t<\/div>\n\t\t\t\t\t\t\t\t<\/div>\n\t\t\t\t\t\t<\/div>\n\t\t\t\t<\/div>\n\t\t\t\t<\/div>\n\t\t\t\t\t<\/div>\n\t\t\t\t<\/div>\n\t\t<div class=\"elementor-element elementor-element-f0b6a63 e-flex e-con-boxed e-con e-parent\" data-id=\"f0b6a63\" data-element_type=\"container\" data-e-type=\"container\" data-settings=\"{&quot;background_background&quot;:&quot;classic&quot;}\">\n\t\t\t\t\t<div class=\"e-con-inner\">\n\t\t<div class=\"elementor-element elementor-element-13fe31b e-con-full e-flex e-con e-child\" data-id=\"13fe31b\" data-element_type=\"container\" data-e-type=\"container\">\n\t\t\t\t<div class=\"elementor-element elementor-element-f536562 elementor-widget elementor-widget-heading\" data-id=\"f536562\" data-element_type=\"widget\" data-e-type=\"widget\" data-widget_type=\"heading.default\">\n\t\t\t\t<div class=\"elementor-widget-container\">\n\t\t\t\t\t<h5 class=\"elementor-heading-title elementor-size-default\">H\u00edvjon minket a nap 24 \u00f3r\u00e1j\u00e1ban<\/h5>\t\t\t\t<\/div>\n\t\t\t\t<\/div>\n\t\t\t\t<div class=\"elementor-element elementor-element-c55e144 elementor-widget elementor-widget-heading\" data-id=\"c55e144\" data-element_type=\"widget\" data-e-type=\"widget\" data-widget_type=\"heading.default\">\n\t\t\t\t<div class=\"elementor-widget-container\">\n\t\t\t\t\t<h2 class=\"elementor-heading-title elementor-size-default\"><a href=\"tel:+13108765538\">310-876-5538<\/a><\/h2>\t\t\t\t<\/div>\n\t\t\t\t<\/div>\n\t\t\t\t<div class=\"elementor-element elementor-element-d2c1b3c elementor-widget-divider--view-line_text elementor-widget-divider--element-align-center elementor-widget elementor-widget-divider\" data-id=\"d2c1b3c\" data-element_type=\"widget\" data-e-type=\"widget\" data-widget_type=\"divider.default\">\n\t\t\t\t<div class=\"elementor-widget-container\">\n\t\t\t\t\t\t\t<div class=\"elementor-divider\">\n\t\t\t<span class=\"elementor-divider-separator\">\n\t\t\t\t\t\t\t<span class=\"elementor-divider__text elementor-divider__element\">\n\t\t\t\tVAGY\t\t\t\t<\/span>\n\t\t\t\t\t\t<\/span>\n\t\t<\/div>\n\t\t\t\t\t\t<\/div>\n\t\t\t\t<\/div>\n\t\t\t\t<div class=\"elementor-element elementor-element-a6efed6 elementor-widget elementor-widget-heading\" data-id=\"a6efed6\" data-element_type=\"widget\" data-e-type=\"widget\" data-widget_type=\"heading.default\">\n\t\t\t\t<div class=\"elementor-widget-container\">\n\t\t\t\t\t<h3 class=\"elementor-heading-title elementor-size-default\">Els\u0151 konzult\u00e1ci\u00f3d INGYENES!<\/h3>\t\t\t\t<\/div>\n\t\t\t\t<\/div>\n\t\t\t\t<div class=\"elementor-element elementor-element-a9eaaa3 elementor-align-center elementor-widget elementor-widget-button\" data-id=\"a9eaaa3\" data-element_type=\"widget\" data-e-type=\"widget\" data-widget_type=\"button.default\">\n\t\t\t\t<div class=\"elementor-widget-container\">\n\t\t\t\t\t\t\t\t\t<div class=\"elementor-button-wrapper\">\n\t\t\t\t\t<a class=\"elementor-button elementor-button-link elementor-size-sm\" href=\"\/hu\/contact\/\">\n\t\t\t\t\t\t<span class=\"elementor-button-content-wrapper\">\n\t\t\t\t\t\t\t\t\t<span class=\"elementor-button-text\">Id\u0151pontfoglal\u00e1s<\/span>\n\t\t\t\t\t<\/span>\n\t\t\t\t\t<\/a>\n\t\t\t\t<\/div>\n\t\t\t\t\t\t\t\t<\/div>\n\t\t\t\t<\/div>\n\t\t\t\t<\/div>\n\t\t\t\t\t<\/div>\n\t\t\t\t<\/div>\n\t\t\t\t<\/div>","protected":false},"excerpt":{"rendered":"<p>Frequently Asked Questions I Need a Quote. Whom Do I Contact? To request a quote, please contact our office by phone or email. A member of our team will assist you and direct your inquiry to the appropriate attorney. What Are the Payment Methods You Accept? We accept major credit and debit cards for payment, [&hellip;]<\/p>\n","protected":false},"author":1,"featured_media":0,"parent":0,"menu_order":0,"comment_status":"closed","ping_status":"closed","template":"","meta":{"site-sidebar-layout":"no-sidebar","site-content-layout":"page-builder","ast-site-content-layout":"full-width-container","site-content-style":"unboxed","site-sidebar-style":"unboxed","ast-global-header-display":"","ast-banner-title-visibility":"","ast-main-header-display":"","ast-hfb-above-header-display":"","ast-hfb-below-header-display":"","ast-hfb-mobile-header-display":"","site-post-title":"disabled","ast-breadcrumbs-content":"","ast-featured-img":"","footer-sml-layout":"","ast-disable-related-posts":"","theme-transparent-header-meta":"enabled","adv-header-id-meta":"","stick-header-meta":"","header-above-stick-meta":"","header-main-stick-meta":"","header-below-stick-meta":"","astra-migrate-meta-layouts":"set","ast-page-background-enabled":"default","ast-page-background-meta":{"desktop":{"background-color":"","background-image":"","background-repeat":"repeat","background-position":"center center","background-size":"auto","background-attachment":"scroll","background-type":"","background-media":"","overlay-type":"","overlay-color":"","overlay-opacity":"","overlay-gradient":""},"tablet":{"background-color":"","background-image":"","background-repeat":"repeat","background-position":"center center","background-size":"auto","background-attachment":"scroll","background-type":"","background-media":"","overlay-type":"","overlay-color":"","overlay-opacity":"","overlay-gradient":""},"mobile":{"background-color":"","background-image":"","background-repeat":"repeat","background-position":"center center","background-size":"auto","background-attachment":"scroll","background-type":"","background-media":"","overlay-type":"","overlay-color":"","overlay-opacity":"","overlay-gradient":""}},"ast-content-background-meta":{"desktop":{"background-color":"var(--ast-global-color-5)","background-image":"","background-repeat":"repeat","background-position":"center center","background-size":"auto","background-attachment":"scroll","background-type":"","background-media":"","overlay-type":"","overlay-color":"","overlay-opacity":"","overlay-gradient":""},"tablet":{"background-color":"var(--ast-global-color-5)","background-image":"","background-repeat":"repeat","background-position":"center center","background-size":"auto","background-attachment":"scroll","background-type":"","background-media":"","overlay-type":"","overlay-color":"","overlay-opacity":"","overlay-gradient":""},"mobile":{"background-color":"var(--ast-global-color-5)","background-image":"","background-repeat":"repeat","background-position":"center center","background-size":"auto","background-attachment":"scroll","background-type":"","background-media":"","overlay-type":"","overlay-color":"","overlay-opacity":"","overlay-gradient":""}},"footnotes":""},"class_list":["post-1337","page","type-page","status-publish","hentry"],"yoast_head":"<!-- This site is optimized with the Yoast SEO plugin v27.5 - https:\/\/yoast.com\/product\/yoast-seo-wordpress\/ -->\n<title>Probate &amp; Estate Planning FAQ | Schmell &amp; Co.<\/title>\n<meta name=\"description\" content=\"Find answers to common questions about probate, trust administration, &amp; estate planning with Schmell &amp; Co, your Los Angeles law firm guiding families through the legal process.\" \/>\n<meta name=\"robots\" content=\"index, follow, max-snippet:-1, max-image-preview:large, max-video-preview:-1\" \/>\n<link rel=\"canonical\" href=\"https:\/\/schmellco.com\/hu\/faq\/\" \/>\n<meta property=\"og:locale\" content=\"hu_HU\" \/>\n<meta property=\"og:type\" content=\"article\" \/>\n<meta property=\"og:title\" content=\"Probate &amp; Estate Planning FAQ | Schmell &amp; Co.\" \/>\n<meta property=\"og:description\" content=\"Find answers to common questions about probate, trust administration, &amp; estate planning with Schmell &amp; Co, your Los Angeles law firm guiding families through the legal process.\" \/>\n<meta property=\"og:url\" content=\"https:\/\/schmellco.com\/hu\/faq\/\" \/>\n<meta property=\"og:site_name\" content=\"Schmell &amp; Co. | Los Angeles Probate &amp; Estate Planning Attorney\" \/>\n<meta property=\"article:modified_time\" content=\"2026-04-02T23:39:09+00:00\" \/>\n<meta name=\"twitter:card\" content=\"summary_large_image\" \/>\n<meta name=\"twitter:label1\" content=\"Becs\u00fclt olvas\u00e1si id\u0151\" \/>\n\t<meta name=\"twitter:data1\" content=\"2 perc\" \/>\n<script type=\"application\/ld+json\" class=\"yoast-schema-graph\">{\"@context\":\"https:\\\/\\\/schema.org\",\"@graph\":[{\"@type\":\"WebPage\",\"@id\":\"https:\\\/\\\/schmellco.com\\\/faq\\\/\",\"url\":\"https:\\\/\\\/schmellco.com\\\/faq\\\/\",\"name\":\"Probate & Estate Planning FAQ | Schmell & Co.\",\"isPartOf\":{\"@id\":\"https:\\\/\\\/schmellco.com\\\/#website\"},\"datePublished\":\"2026-01-31T17:01:11+00:00\",\"dateModified\":\"2026-04-02T23:39:09+00:00\",\"description\":\"Find answers to common questions about probate, trust administration, & estate planning with Schmell & Co, your Los Angeles law firm guiding families through the legal process.\",\"breadcrumb\":{\"@id\":\"https:\\\/\\\/schmellco.com\\\/faq\\\/#breadcrumb\"},\"inLanguage\":\"hu\",\"potentialAction\":[{\"@type\":\"ReadAction\",\"target\":[\"https:\\\/\\\/schmellco.com\\\/faq\\\/\"]}]},{\"@type\":\"BreadcrumbList\",\"@id\":\"https:\\\/\\\/schmellco.com\\\/faq\\\/#breadcrumb\",\"itemListElement\":[{\"@type\":\"ListItem\",\"position\":1,\"name\":\"Home\",\"item\":\"https:\\\/\\\/schmellco.com\\\/\"},{\"@type\":\"ListItem\",\"position\":2,\"name\":\"FAQ\"}]},{\"@type\":\"WebSite\",\"@id\":\"https:\\\/\\\/schmellco.com\\\/#website\",\"url\":\"https:\\\/\\\/schmellco.com\\\/\",\"name\":\"Schmell &amp; Co. | Los Angeles Probate &amp; Estate Planning Attorney\",\"description\":\"\",\"publisher\":{\"@id\":\"https:\\\/\\\/schmellco.com\\\/#organization\"},\"potentialAction\":[{\"@type\":\"SearchAction\",\"target\":{\"@type\":\"EntryPoint\",\"urlTemplate\":\"https:\\\/\\\/schmellco.com\\\/?s={search_term_string}\"},\"query-input\":{\"@type\":\"PropertyValueSpecification\",\"valueRequired\":true,\"valueName\":\"search_term_string\"}}],\"inLanguage\":\"hu\"},{\"@type\":\"Organization\",\"@id\":\"https:\\\/\\\/schmellco.com\\\/#organization\",\"name\":\"Schmell &amp; Co. | Los Angeles Probate &amp; Estate Planning Attorney\",\"url\":\"https:\\\/\\\/schmellco.com\\\/\",\"logo\":{\"@type\":\"ImageObject\",\"inLanguage\":\"hu\",\"@id\":\"https:\\\/\\\/schmellco.com\\\/#\\\/schema\\\/logo\\\/image\\\/\",\"url\":\"https:\\\/\\\/schmellco.com\\\/wp-content\\\/uploads\\\/2026\\\/01\\\/cropped-ChatGPT-Image-Jan-31-2026-03_45_32-PM.png\",\"contentUrl\":\"https:\\\/\\\/schmellco.com\\\/wp-content\\\/uploads\\\/2026\\\/01\\\/cropped-ChatGPT-Image-Jan-31-2026-03_45_32-PM.png\",\"width\":1245,\"height\":264,\"caption\":\"Schmell &amp; Co. | Los Angeles Probate &amp; Estate Planning Attorney\"},\"image\":{\"@id\":\"https:\\\/\\\/schmellco.com\\\/#\\\/schema\\\/logo\\\/image\\\/\"}}]}<\/script>\n<!-- \/ Yoast SEO plugin. -->","yoast_head_json":{"title":"Probate & Estate Planning FAQ | Schmell & Co.","description":"Find answers to common questions about probate, trust administration, & estate planning with Schmell & Co, your Los Angeles law firm guiding families through the legal process.","robots":{"index":"index","follow":"follow","max-snippet":"max-snippet:-1","max-image-preview":"max-image-preview:large","max-video-preview":"max-video-preview:-1"},"canonical":"https:\/\/schmellco.com\/hu\/faq\/","og_locale":"hu_HU","og_type":"article","og_title":"Probate & Estate Planning FAQ | Schmell & Co.","og_description":"Find answers to common questions about probate, trust administration, & estate planning with Schmell & Co, your Los Angeles law firm guiding families through the legal process.","og_url":"https:\/\/schmellco.com\/hu\/faq\/","og_site_name":"Schmell &amp; Co. | Los Angeles Probate &amp; Estate Planning Attorney","article_modified_time":"2026-04-02T23:39:09+00:00","twitter_card":"summary_large_image","twitter_misc":{"Becs\u00fclt olvas\u00e1si id\u0151":"2 perc"},"schema":{"@context":"https:\/\/schema.org","@graph":[{"@type":"WebPage","@id":"https:\/\/schmellco.com\/faq\/","url":"https:\/\/schmellco.com\/faq\/","name":"Probate & Estate Planning FAQ | Schmell & Co.","isPartOf":{"@id":"https:\/\/schmellco.com\/#website"},"datePublished":"2026-01-31T17:01:11+00:00","dateModified":"2026-04-02T23:39:09+00:00","description":"Find answers to common questions about probate, trust administration, & estate planning with Schmell & Co, your Los Angeles law firm guiding families through the legal process.","breadcrumb":{"@id":"https:\/\/schmellco.com\/faq\/#breadcrumb"},"inLanguage":"hu","potentialAction":[{"@type":"ReadAction","target":["https:\/\/schmellco.com\/faq\/"]}]},{"@type":"BreadcrumbList","@id":"https:\/\/schmellco.com\/faq\/#breadcrumb","itemListElement":[{"@type":"ListItem","position":1,"name":"Home","item":"https:\/\/schmellco.com\/"},{"@type":"ListItem","position":2,"name":"FAQ"}]},{"@type":"WebSite","@id":"https:\/\/schmellco.com\/#website","url":"https:\/\/schmellco.com\/","name":"Schmell &amp; Co. | Los Angeles Probate &amp; Estate Planning Attorney","description":"","publisher":{"@id":"https:\/\/schmellco.com\/#organization"},"potentialAction":[{"@type":"SearchAction","target":{"@type":"EntryPoint","urlTemplate":"https:\/\/schmellco.com\/?s={search_term_string}"},"query-input":{"@type":"PropertyValueSpecification","valueRequired":true,"valueName":"search_term_string"}}],"inLanguage":"hu"},{"@type":"Organization","@id":"https:\/\/schmellco.com\/#organization","name":"Schmell &amp; Co. | Los Angeles Probate &amp; Estate Planning Attorney","url":"https:\/\/schmellco.com\/","logo":{"@type":"ImageObject","inLanguage":"hu","@id":"https:\/\/schmellco.com\/#\/schema\/logo\/image\/","url":"https:\/\/schmellco.com\/wp-content\/uploads\/2026\/01\/cropped-ChatGPT-Image-Jan-31-2026-03_45_32-PM.png","contentUrl":"https:\/\/schmellco.com\/wp-content\/uploads\/2026\/01\/cropped-ChatGPT-Image-Jan-31-2026-03_45_32-PM.png","width":1245,"height":264,"caption":"Schmell &amp; Co. | Los Angeles Probate &amp; Estate Planning Attorney"},"image":{"@id":"https:\/\/schmellco.com\/#\/schema\/logo\/image\/"}}]}},"_links":{"self":[{"href":"https:\/\/schmellco.com\/hu\/wp-json\/wp\/v2\/pages\/1337","targetHints":{"allow":["GET"]}}],"collection":[{"href":"https:\/\/schmellco.com\/hu\/wp-json\/wp\/v2\/pages"}],"about":[{"href":"https:\/\/schmellco.com\/hu\/wp-json\/wp\/v2\/types\/page"}],"author":[{"embeddable":true,"href":"https:\/\/schmellco.com\/hu\/wp-json\/wp\/v2\/users\/1"}],"replies":[{"embeddable":true,"href":"https:\/\/schmellco.com\/hu\/wp-json\/wp\/v2\/comments?post=1337"}],"version-history":[{"count":19,"href":"https:\/\/schmellco.com\/hu\/wp-json\/wp\/v2\/pages\/1337\/revisions"}],"predecessor-version":[{"id":2918,"href":"https:\/\/schmellco.com\/hu\/wp-json\/wp\/v2\/pages\/1337\/revisions\/2918"}],"wp:attachment":[{"href":"https:\/\/schmellco.com\/hu\/wp-json\/wp\/v2\/media?parent=1337"}],"curies":[{"name":"wp","href":"https:\/\/api.w.org\/{rel}","templated":true}]}}