{"id":2768,"date":"2026-03-08T17:39:39","date_gmt":"2026-03-08T17:39:39","guid":{"rendered":"https:\/\/schmellco.com\/?page_id=2768"},"modified":"2026-04-02T23:35:35","modified_gmt":"2026-04-02T23:35:35","slug":"corporate-formation","status":"publish","type":"page","link":"https:\/\/schmellco.com\/hu\/corporate-formation\/","title":{"rendered":"C\u00e9galap\u00edt\u00e1s"},"content":{"rendered":"<div data-elementor-type=\"wp-page\" data-elementor-id=\"2768\" class=\"elementor elementor-2768\">\n\t\t\t\t<div class=\"elementor-element elementor-element-32516b3b e-flex e-con-boxed e-con e-parent\" data-id=\"32516b3b\" data-element_type=\"container\" data-e-type=\"container\" data-settings=\"{&quot;background_background&quot;:&quot;classic&quot;}\">\n\t\t\t\t\t<div class=\"e-con-inner\">\n\t\t<div class=\"elementor-element elementor-element-39a4d158 e-con-full e-flex e-con e-child\" data-id=\"39a4d158\" data-element_type=\"container\" data-e-type=\"container\">\n\t\t\t\t<div class=\"elementor-element elementor-element-30905421 elementor-widget elementor-widget-heading\" data-id=\"30905421\" data-element_type=\"widget\" data-e-type=\"widget\" data-widget_type=\"heading.default\">\n\t\t\t\t<div class=\"elementor-widget-container\">\n\t\t\t\t\t<h1 class=\"elementor-heading-title elementor-size-default\">C\u00e9galap\u00edt\u00e1s<\/h1>\t\t\t\t<\/div>\n\t\t\t\t<\/div>\n\t\t\t\t<\/div>\n\t\t\t\t\t<\/div>\n\t\t\t\t<\/div>\n\t\t<div class=\"elementor-element elementor-element-493c9dd e-flex e-con-boxed e-con e-parent\" data-id=\"493c9dd\" data-element_type=\"container\" data-e-type=\"container\" data-settings=\"{&quot;background_background&quot;:&quot;classic&quot;}\">\n\t\t\t\t\t<div class=\"e-con-inner\">\n\t\t<div class=\"elementor-element elementor-element-3e9d2770 e-con-full e-flex e-con e-child\" data-id=\"3e9d2770\" data-element_type=\"container\" data-e-type=\"container\">\n\t\t\t\t<div class=\"elementor-element elementor-element-6b1af67f elementor-widget__width-initial elementor-widget elementor-widget-text-editor\" data-id=\"6b1af67f\" data-element_type=\"widget\" data-e-type=\"widget\" data-widget_type=\"text-editor.default\">\n\t\t\t\t<div class=\"elementor-widget-container\">\n\t\t\t\t\t\t\t\t\t<p>\u00dczleti entit\u00e1sokat prec\u00edzi\u00f3san struktur\u00e1lunk. Minden \u00e1ltalunk l\u00e9trehozott entit\u00e1st tisztas\u00e1ggal, v\u00e9delemmel \u00e9s a tart\u00f3s n\u00f6veked\u00e9s t\u00e1mogat\u00e1s\u00e1ra ir\u00e1nyul\u00f3 el\u0151rel\u00e1t\u00e1ssal \u00e9p\u00edt\u00fcnk fel.<\/p>\t\t\t\t\t\t\t\t<\/div>\n\t\t\t\t<\/div>\n\t\t\t\t<\/div>\n\t\t\t\t\t<\/div>\n\t\t\t\t<\/div>\n\t\t<div class=\"elementor-element elementor-element-34ef5e91 e-flex e-con-boxed e-con e-parent\" data-id=\"34ef5e91\" data-element_type=\"container\" data-e-type=\"container\" data-settings=\"{&quot;background_background&quot;:&quot;classic&quot;}\">\n\t\t\t\t\t<div class=\"e-con-inner\">\n\t\t<div class=\"elementor-element elementor-element-5121cf8a e-con-full e-flex e-con e-child\" data-id=\"5121cf8a\" data-element_type=\"container\" data-e-type=\"container\">\n\t\t<div class=\"elementor-element elementor-element-7cf76f44 e-flex e-con-boxed e-con e-child\" data-id=\"7cf76f44\" data-element_type=\"container\" data-e-type=\"container\">\n\t\t\t\t\t<div class=\"e-con-inner\">\n\t\t<div class=\"elementor-element elementor-element-953fafd e-con-full e-flex e-con e-child\" data-id=\"953fafd\" data-element_type=\"container\" data-e-type=\"container\">\n\t\t\t\t<div class=\"elementor-element elementor-element-413db6b8 elementor-view-default elementor-widget elementor-widget-icon\" data-id=\"413db6b8\" data-element_type=\"widget\" data-e-type=\"widget\" data-widget_type=\"icon.default\">\n\t\t\t\t<div class=\"elementor-widget-container\">\n\t\t\t\t\t\t\t<div class=\"elementor-icon-wrapper\">\n\t\t\t<div class=\"elementor-icon\">\n\t\t\t<i aria-hidden=\"true\" class=\"far fa-handshake\"><\/i>\t\t\t<\/div>\n\t\t<\/div>\n\t\t\t\t\t\t<\/div>\n\t\t\t\t<\/div>\n\t\t\t\t<div class=\"elementor-element elementor-element-3ed8a8aa elementor-widget elementor-widget-hfe-infocard\" data-id=\"3ed8a8aa\" data-element_type=\"widget\" data-e-type=\"widget\" data-widget_type=\"hfe-infocard.default\">\n\t\t\t\t<div class=\"elementor-widget-container\">\n\t\t\t\t\t\n\t\t<div class=\"hfe-infocard\">\n\t\t\t\t\t\t\t\t\t<div class=\"hfe-infocard-title-wrap\">\n\t\t\t\t<h3 class=\"hfe-infocard-title elementor-inline-editing\" data-elementor-setting-key=\"infocard_title\" data-elementor-inline-editing-toolbar=\"basic\" >C\u00e9galap\u00edt\u00e1s<\/h3>\t\t\t<\/div>\n\t\t\t\t\t\t<div class=\"hfe-infocard-text-wrap\">\n\t\t\t\t<div class=\"hfe-infocard-text elementor-inline-editing\" data-elementor-setting-key=\"infocard_description\" data-elementor-inline-editing-toolbar=\"advanced\">\n\t\t\t\t\tEgy gazdas\u00e1gi t\u00e1rsas\u00e1g alap\u00edt\u00e1sa t\u00f6bb, mint puszt\u00e1n elj\u00e1r\u00e1si l\u00e9p\u00e9s \u2014 ez az a alap, amelyre a hossz\u00fa t\u00e1v\u00fa strat\u00e9gia, az ir\u00e1ny\u00edt\u00e1s \u00e9s a n\u00f6veked\u00e9s \u00e9p\u00fcl. Alap\u00edt\u00f3knak, befektet\u0151knek \u00e9s nemzetk\u00f6zi \u00fcgyfeleknek ny\u00fajtunk tan\u00e1csad\u00e1st t\u00e1rsas\u00e1gok \u00e9s egy\u00e9b \u00fczleti strukt\u00far\u00e1k l\u00e9trehoz\u00e1s\u00e1ban, k\u00fcl\u00f6n\u00f6s figyelemmel az ir\u00e1ny\u00edt\u00e1si rendszer kialak\u00edt\u00e1s\u00e1ra, a felel\u0151ss\u00e9gi k\u00e9rd\u00e9sekre, a tulajdonosi viszonyok \u00f6sszehangol\u00e1s\u00e1ra \u00e9s a szab\u00e1lyoz\u00e1si megfelel\u00e9sre. Minden megb\u00edz\u00e1s az \u00fcgyf\u00e9l c\u00e9ljainak alapos megismer\u00e9s\u00e9vel kezd\u0151dik, amelyet egy olyan strukt\u00fara tudatos kialak\u00edt\u00e1sa k\u00f6vet, amely \u00f6sszhangban \u00e1ll mind a jelenlegi m\u0171k\u00f6d\u00e9si ig\u00e9nyekkel, mind a j\u00f6vbeli n\u00f6veked\u00e9ssel. Megfontolt elemz\u00e9ssel \u00e9s strat\u00e9giai tervez\u00e9ssel biztos\u00edtjuk, hogy minden t\u00e1rsas\u00e1g vil\u00e1gosan, tart\u00f3san \u00e9s jogilag prec\u00edzen ker\u00fclj\u00f6n l\u00e9trehoz\u00e1sra.\t\t\t\t<\/div>\n\t\t\t\t\t\t\t<\/div>\n\t\t<\/div>\n\n\t\t\t\t\t\t<\/div>\n\t\t\t\t<\/div>\n\t\t\t\t<\/div>\n\t\t<div class=\"elementor-element elementor-element-25c968c e-con-full e-flex e-con e-child\" data-id=\"25c968c\" data-element_type=\"container\" data-e-type=\"container\" data-settings=\"{&quot;background_background&quot;:&quot;gradient&quot;}\">\n\t\t\t\t<div class=\"elementor-element elementor-element-2beded7d elementor-widget elementor-widget-image\" data-id=\"2beded7d\" data-element_type=\"widget\" data-e-type=\"widget\" data-widget_type=\"image.default\">\n\t\t\t\t<div class=\"elementor-widget-container\">\n\t\t\t\t\t\t\t\t\t\t\t\t\t\t\t<img fetchpriority=\"high\" decoding=\"async\" width=\"1536\" height=\"1024\" src=\"https:\/\/schmellco.com\/wp-content\/uploads\/2026\/03\/scmellco1.png\" class=\"attachment-full size-full wp-image-2834\" alt=\"scmellco1\" srcset=\"https:\/\/schmellco.com\/wp-content\/uploads\/2026\/03\/scmellco1.png 1536w, https:\/\/schmellco.com\/wp-content\/uploads\/2026\/03\/scmellco1-300x200.png 300w, https:\/\/schmellco.com\/wp-content\/uploads\/2026\/03\/scmellco1-1024x683.png 1024w, https:\/\/schmellco.com\/wp-content\/uploads\/2026\/03\/scmellco1-768x512.png 768w\" sizes=\"(max-width: 1536px) 100vw, 1536px\" title=\"C\u00e9galap\u00edt\u00e1s\">\t\t\t\t\t\t\t\t\t\t\t\t\t\t\t<\/div>\n\t\t\t\t<\/div>\n\t\t\t\t<\/div>\n\t\t\t\t\t<\/div>\n\t\t\t\t<\/div>\n\t\t\t\t<\/div>\n\t\t\t\t\t<\/div>\n\t\t\t\t<\/div>\n\t\t<div class=\"elementor-element elementor-element-7aa8eb04 e-flex e-con-boxed e-con e-parent\" data-id=\"7aa8eb04\" data-element_type=\"container\" data-e-type=\"container\" data-settings=\"{&quot;background_background&quot;:&quot;classic&quot;}\">\n\t\t\t\t\t<div class=\"e-con-inner\">\n\t\t<div class=\"elementor-element elementor-element-23a934f3 e-con-full e-flex e-con e-child\" data-id=\"23a934f3\" data-element_type=\"container\" data-e-type=\"container\">\n\t\t\t\t<div class=\"elementor-element elementor-element-7588bf03 elementor-widget elementor-widget-heading\" data-id=\"7588bf03\" data-element_type=\"widget\" data-e-type=\"widget\" data-widget_type=\"heading.default\">\n\t\t\t\t<div class=\"elementor-widget-container\">\n\t\t\t\t\t<h5 class=\"elementor-heading-title elementor-size-default\">H\u00edvjon minket a nap 24 \u00f3r\u00e1j\u00e1ban<\/h5>\t\t\t\t<\/div>\n\t\t\t\t<\/div>\n\t\t\t\t<div class=\"elementor-element elementor-element-3ed74edc elementor-widget elementor-widget-heading\" data-id=\"3ed74edc\" data-element_type=\"widget\" data-e-type=\"widget\" data-widget_type=\"heading.default\">\n\t\t\t\t<div class=\"elementor-widget-container\">\n\t\t\t\t\t<h2 class=\"elementor-heading-title elementor-size-default\"><a href=\"tel:+13108765538\">310-876-5538<\/a><\/h2>\t\t\t\t<\/div>\n\t\t\t\t<\/div>\n\t\t\t\t<div class=\"elementor-element elementor-element-5583db7d elementor-widget-divider--view-line_text elementor-widget-divider--element-align-center elementor-widget elementor-widget-divider\" data-id=\"5583db7d\" data-element_type=\"widget\" data-e-type=\"widget\" data-widget_type=\"divider.default\">\n\t\t\t\t<div class=\"elementor-widget-container\">\n\t\t\t\t\t\t\t<div class=\"elementor-divider\">\n\t\t\t<span class=\"elementor-divider-separator\">\n\t\t\t\t\t\t\t<span class=\"elementor-divider__text elementor-divider__element\">\n\t\t\t\tVAGY\t\t\t\t<\/span>\n\t\t\t\t\t\t<\/span>\n\t\t<\/div>\n\t\t\t\t\t\t<\/div>\n\t\t\t\t<\/div>\n\t\t\t\t<div class=\"elementor-element elementor-element-1fe785f4 elementor-widget elementor-widget-heading\" data-id=\"1fe785f4\" data-element_type=\"widget\" data-e-type=\"widget\" data-widget_type=\"heading.default\">\n\t\t\t\t<div class=\"elementor-widget-container\">\n\t\t\t\t\t<h3 class=\"elementor-heading-title elementor-size-default\">Els\u0151 konzult\u00e1ci\u00f3d INGYENES!<\/h3>\t\t\t\t<\/div>\n\t\t\t\t<\/div>\n\t\t\t\t<div class=\"elementor-element elementor-element-b74f967 elementor-align-center elementor-widget elementor-widget-button\" data-id=\"b74f967\" data-element_type=\"widget\" data-e-type=\"widget\" data-widget_type=\"button.default\">\n\t\t\t\t<div class=\"elementor-widget-container\">\n\t\t\t\t\t\t\t\t\t<div class=\"elementor-button-wrapper\">\n\t\t\t\t\t<a class=\"elementor-button elementor-button-link elementor-size-sm\" href=\"\/hu\/contact\/\">\n\t\t\t\t\t\t<span class=\"elementor-button-content-wrapper\">\n\t\t\t\t\t\t\t\t\t<span class=\"elementor-button-text\">Id\u0151pontfoglal\u00e1s<\/span>\n\t\t\t\t\t<\/span>\n\t\t\t\t\t<\/a>\n\t\t\t\t<\/div>\n\t\t\t\t\t\t\t\t<\/div>\n\t\t\t\t<\/div>\n\t\t\t\t<\/div>\n\t\t\t\t\t<\/div>\n\t\t\t\t<\/div>\n\t\t\t\t<\/div>","protected":false},"excerpt":{"rendered":"<p>Corporate Formation We structure business entities with precision. Every entity we form is built with clarity, protection, and the foresight to support enduring growth. Corporate Formation The formation of a business entity is more than a procedural step \u2014 it is the foundation upon which long-term strategy, governance, and growth are built. We counsel founders, [&hellip;]<\/p>\n","protected":false},"author":1,"featured_media":0,"parent":0,"menu_order":0,"comment_status":"closed","ping_status":"closed","template":"","meta":{"site-sidebar-layout":"no-sidebar","site-content-layout":"page-builder","ast-site-content-layout":"full-width-container","site-content-style":"default","site-sidebar-style":"default","ast-global-header-display":"","ast-banner-title-visibility":"","ast-main-header-display":"","ast-hfb-above-header-display":"","ast-hfb-below-header-display":"","ast-hfb-mobile-header-display":"","site-post-title":"","ast-breadcrumbs-content":"","ast-featured-img":"disabled","footer-sml-layout":"","ast-disable-related-posts":"","theme-transparent-header-meta":"","adv-header-id-meta":"","stick-header-meta":"","header-above-stick-meta":"","header-main-stick-meta":"","header-below-stick-meta":"","astra-migrate-meta-layouts":"set","ast-page-background-enabled":"default","ast-page-background-meta":{"desktop":{"background-color":"","background-image":"","background-repeat":"repeat","background-position":"center center","background-size":"auto","background-attachment":"scroll","background-type":"","background-media":"","overlay-type":"","overlay-color":"","overlay-opacity":"","overlay-gradient":""},"tablet":{"background-color":"","background-image":"","background-repeat":"repeat","background-position":"center center","background-size":"auto","background-attachment":"scroll","background-type":"","background-media":"","overlay-type":"","overlay-color":"","overlay-opacity":"","overlay-gradient":""},"mobile":{"background-color":"","background-image":"","background-repeat":"repeat","background-position":"center center","background-size":"auto","background-attachment":"scroll","background-type":"","background-media":"","overlay-type":"","overlay-color":"","overlay-opacity":"","overlay-gradient":""}},"ast-content-background-meta":{"desktop":{"background-color":"var(--ast-global-color-5)","background-image":"","background-repeat":"repeat","background-position":"center center","background-size":"auto","background-attachment":"scroll","background-type":"","background-media":"","overlay-type":"","overlay-color":"","overlay-opacity":"","overlay-gradient":""},"tablet":{"background-color":"var(--ast-global-color-5)","background-image":"","background-repeat":"repeat","background-position":"center center","background-size":"auto","background-attachment":"scroll","background-type":"","background-media":"","overlay-type":"","overlay-color":"","overlay-opacity":"","overlay-gradient":""},"mobile":{"background-color":"var(--ast-global-color-5)","background-image":"","background-repeat":"repeat","background-position":"center center","background-size":"auto","background-attachment":"scroll","background-type":"","background-media":"","overlay-type":"","overlay-color":"","overlay-opacity":"","overlay-gradient":""}},"footnotes":""},"class_list":["post-2768","page","type-page","status-publish","hentry"],"yoast_head":"<!-- This site is optimized with the Yoast SEO plugin v27.5 - https:\/\/yoast.com\/product\/yoast-seo-wordpress\/ -->\n<title>Corporate Formation - Schmell &amp; Co. | Los Angeles Probate &amp; Estate Planning Attorney<\/title>\n<meta name=\"description\" content=\"Corporate Formation Attorney assisting founders, investors, and international clients with business entity formation, governance structuring, liability protection, and regulatory compliance to support long-term business growth.\" \/>\n<meta name=\"robots\" content=\"index, follow, max-snippet:-1, max-image-preview:large, max-video-preview:-1\" \/>\n<link rel=\"canonical\" href=\"https:\/\/schmellco.com\/hu\/corporate-formation\/\" \/>\n<meta property=\"og:locale\" content=\"hu_HU\" \/>\n<meta property=\"og:type\" content=\"article\" \/>\n<meta property=\"og:title\" content=\"Corporate Formation - Schmell &amp; Co. | Los Angeles Probate &amp; Estate Planning Attorney\" \/>\n<meta property=\"og:description\" content=\"Corporate Formation Attorney assisting founders, investors, and international clients with business entity formation, governance structuring, liability protection, and regulatory compliance to support long-term business growth.\" \/>\n<meta property=\"og:url\" content=\"https:\/\/schmellco.com\/hu\/corporate-formation\/\" \/>\n<meta property=\"og:site_name\" content=\"Schmell &amp; Co. | Los Angeles Probate &amp; Estate Planning Attorney\" \/>\n<meta property=\"article:modified_time\" content=\"2026-04-02T23:35:35+00:00\" \/>\n<meta property=\"og:image\" content=\"https:\/\/schmellco.com\/wp-content\/uploads\/2026\/03\/scmellco1-1024x683.png\" \/>\n\t<meta property=\"og:image:width\" content=\"1024\" \/>\n\t<meta property=\"og:image:height\" content=\"683\" \/>\n\t<meta property=\"og:image:type\" content=\"image\/png\" \/>\n<meta name=\"twitter:card\" content=\"summary_large_image\" \/>\n<meta name=\"twitter:label1\" content=\"Becs\u00fclt olvas\u00e1si id\u0151\" \/>\n\t<meta name=\"twitter:data1\" content=\"1 perc\" \/>\n<script type=\"application\/ld+json\" class=\"yoast-schema-graph\">{\"@context\":\"https:\\\/\\\/schema.org\",\"@graph\":[{\"@type\":\"WebPage\",\"@id\":\"https:\\\/\\\/schmellco.com\\\/corporate-formation\\\/\",\"url\":\"https:\\\/\\\/schmellco.com\\\/corporate-formation\\\/\",\"name\":\"Corporate Formation - Schmell &amp; Co. | Los Angeles Probate &amp; Estate Planning Attorney\",\"isPartOf\":{\"@id\":\"https:\\\/\\\/schmellco.com\\\/#website\"},\"primaryImageOfPage\":{\"@id\":\"https:\\\/\\\/schmellco.com\\\/corporate-formation\\\/#primaryimage\"},\"image\":{\"@id\":\"https:\\\/\\\/schmellco.com\\\/corporate-formation\\\/#primaryimage\"},\"thumbnailUrl\":\"https:\\\/\\\/schmellco.com\\\/wp-content\\\/uploads\\\/2026\\\/03\\\/scmellco1.png\",\"datePublished\":\"2026-03-08T17:39:39+00:00\",\"dateModified\":\"2026-04-02T23:35:35+00:00\",\"description\":\"Corporate Formation Attorney assisting founders, investors, and international clients with business entity formation, governance structuring, liability protection, and regulatory compliance to support long-term business growth.\",\"breadcrumb\":{\"@id\":\"https:\\\/\\\/schmellco.com\\\/corporate-formation\\\/#breadcrumb\"},\"inLanguage\":\"hu\",\"potentialAction\":[{\"@type\":\"ReadAction\",\"target\":[\"https:\\\/\\\/schmellco.com\\\/corporate-formation\\\/\"]}]},{\"@type\":\"ImageObject\",\"inLanguage\":\"hu\",\"@id\":\"https:\\\/\\\/schmellco.com\\\/corporate-formation\\\/#primaryimage\",\"url\":\"https:\\\/\\\/schmellco.com\\\/wp-content\\\/uploads\\\/2026\\\/03\\\/scmellco1.png\",\"contentUrl\":\"https:\\\/\\\/schmellco.com\\\/wp-content\\\/uploads\\\/2026\\\/03\\\/scmellco1.png\"},{\"@type\":\"BreadcrumbList\",\"@id\":\"https:\\\/\\\/schmellco.com\\\/corporate-formation\\\/#breadcrumb\",\"itemListElement\":[{\"@type\":\"ListItem\",\"position\":1,\"name\":\"Home\",\"item\":\"https:\\\/\\\/schmellco.com\\\/\"},{\"@type\":\"ListItem\",\"position\":2,\"name\":\"Corporate Formation\"}]},{\"@type\":\"WebSite\",\"@id\":\"https:\\\/\\\/schmellco.com\\\/#website\",\"url\":\"https:\\\/\\\/schmellco.com\\\/\",\"name\":\"Schmell &amp; Co. | Los Angeles Probate &amp; Estate Planning Attorney\",\"description\":\"\",\"publisher\":{\"@id\":\"https:\\\/\\\/schmellco.com\\\/#organization\"},\"potentialAction\":[{\"@type\":\"SearchAction\",\"target\":{\"@type\":\"EntryPoint\",\"urlTemplate\":\"https:\\\/\\\/schmellco.com\\\/?s={search_term_string}\"},\"query-input\":{\"@type\":\"PropertyValueSpecification\",\"valueRequired\":true,\"valueName\":\"search_term_string\"}}],\"inLanguage\":\"hu\"},{\"@type\":\"Organization\",\"@id\":\"https:\\\/\\\/schmellco.com\\\/#organization\",\"name\":\"Schmell &amp; Co. | Los Angeles Probate &amp; Estate Planning Attorney\",\"url\":\"https:\\\/\\\/schmellco.com\\\/\",\"logo\":{\"@type\":\"ImageObject\",\"inLanguage\":\"hu\",\"@id\":\"https:\\\/\\\/schmellco.com\\\/#\\\/schema\\\/logo\\\/image\\\/\",\"url\":\"https:\\\/\\\/schmellco.com\\\/wp-content\\\/uploads\\\/2026\\\/01\\\/cropped-ChatGPT-Image-Jan-31-2026-03_45_32-PM.png\",\"contentUrl\":\"https:\\\/\\\/schmellco.com\\\/wp-content\\\/uploads\\\/2026\\\/01\\\/cropped-ChatGPT-Image-Jan-31-2026-03_45_32-PM.png\",\"width\":1245,\"height\":264,\"caption\":\"Schmell &amp; Co. | Los Angeles Probate &amp; Estate Planning Attorney\"},\"image\":{\"@id\":\"https:\\\/\\\/schmellco.com\\\/#\\\/schema\\\/logo\\\/image\\\/\"}}]}<\/script>\n<!-- \/ Yoast SEO plugin. -->","yoast_head_json":{"title":"Corporate Formation - Schmell &amp; Co. | Los Angeles Probate &amp; Estate Planning Attorney","description":"Corporate Formation Attorney assisting founders, investors, and international clients with business entity formation, governance structuring, liability protection, and regulatory compliance to support long-term business growth.","robots":{"index":"index","follow":"follow","max-snippet":"max-snippet:-1","max-image-preview":"max-image-preview:large","max-video-preview":"max-video-preview:-1"},"canonical":"https:\/\/schmellco.com\/hu\/corporate-formation\/","og_locale":"hu_HU","og_type":"article","og_title":"Corporate Formation - Schmell &amp; Co. | Los Angeles Probate &amp; Estate Planning Attorney","og_description":"Corporate Formation Attorney assisting founders, investors, and international clients with business entity formation, governance structuring, liability protection, and regulatory compliance to support long-term business growth.","og_url":"https:\/\/schmellco.com\/hu\/corporate-formation\/","og_site_name":"Schmell &amp; Co. | Los Angeles Probate &amp; Estate Planning Attorney","article_modified_time":"2026-04-02T23:35:35+00:00","og_image":[{"width":1024,"height":683,"url":"https:\/\/schmellco.com\/wp-content\/uploads\/2026\/03\/scmellco1-1024x683.png","type":"image\/png"}],"twitter_card":"summary_large_image","twitter_misc":{"Becs\u00fclt olvas\u00e1si id\u0151":"1 perc"},"schema":{"@context":"https:\/\/schema.org","@graph":[{"@type":"WebPage","@id":"https:\/\/schmellco.com\/corporate-formation\/","url":"https:\/\/schmellco.com\/corporate-formation\/","name":"Corporate Formation - Schmell &amp; Co. | Los Angeles Probate &amp; Estate Planning Attorney","isPartOf":{"@id":"https:\/\/schmellco.com\/#website"},"primaryImageOfPage":{"@id":"https:\/\/schmellco.com\/corporate-formation\/#primaryimage"},"image":{"@id":"https:\/\/schmellco.com\/corporate-formation\/#primaryimage"},"thumbnailUrl":"https:\/\/schmellco.com\/wp-content\/uploads\/2026\/03\/scmellco1.png","datePublished":"2026-03-08T17:39:39+00:00","dateModified":"2026-04-02T23:35:35+00:00","description":"Corporate Formation Attorney assisting founders, investors, and international clients with business entity formation, governance structuring, liability protection, and regulatory compliance to support long-term business growth.","breadcrumb":{"@id":"https:\/\/schmellco.com\/corporate-formation\/#breadcrumb"},"inLanguage":"hu","potentialAction":[{"@type":"ReadAction","target":["https:\/\/schmellco.com\/corporate-formation\/"]}]},{"@type":"ImageObject","inLanguage":"hu","@id":"https:\/\/schmellco.com\/corporate-formation\/#primaryimage","url":"https:\/\/schmellco.com\/wp-content\/uploads\/2026\/03\/scmellco1.png","contentUrl":"https:\/\/schmellco.com\/wp-content\/uploads\/2026\/03\/scmellco1.png"},{"@type":"BreadcrumbList","@id":"https:\/\/schmellco.com\/corporate-formation\/#breadcrumb","itemListElement":[{"@type":"ListItem","position":1,"name":"Home","item":"https:\/\/schmellco.com\/"},{"@type":"ListItem","position":2,"name":"Corporate Formation"}]},{"@type":"WebSite","@id":"https:\/\/schmellco.com\/#website","url":"https:\/\/schmellco.com\/","name":"Schmell &amp; Co. | Los Angeles Probate &amp; Estate Planning Attorney","description":"","publisher":{"@id":"https:\/\/schmellco.com\/#organization"},"potentialAction":[{"@type":"SearchAction","target":{"@type":"EntryPoint","urlTemplate":"https:\/\/schmellco.com\/?s={search_term_string}"},"query-input":{"@type":"PropertyValueSpecification","valueRequired":true,"valueName":"search_term_string"}}],"inLanguage":"hu"},{"@type":"Organization","@id":"https:\/\/schmellco.com\/#organization","name":"Schmell &amp; Co. | Los Angeles Probate &amp; Estate Planning Attorney","url":"https:\/\/schmellco.com\/","logo":{"@type":"ImageObject","inLanguage":"hu","@id":"https:\/\/schmellco.com\/#\/schema\/logo\/image\/","url":"https:\/\/schmellco.com\/wp-content\/uploads\/2026\/01\/cropped-ChatGPT-Image-Jan-31-2026-03_45_32-PM.png","contentUrl":"https:\/\/schmellco.com\/wp-content\/uploads\/2026\/01\/cropped-ChatGPT-Image-Jan-31-2026-03_45_32-PM.png","width":1245,"height":264,"caption":"Schmell &amp; Co. | Los Angeles Probate &amp; Estate Planning Attorney"},"image":{"@id":"https:\/\/schmellco.com\/#\/schema\/logo\/image\/"}}]}},"_links":{"self":[{"href":"https:\/\/schmellco.com\/hu\/wp-json\/wp\/v2\/pages\/2768","targetHints":{"allow":["GET"]}}],"collection":[{"href":"https:\/\/schmellco.com\/hu\/wp-json\/wp\/v2\/pages"}],"about":[{"href":"https:\/\/schmellco.com\/hu\/wp-json\/wp\/v2\/types\/page"}],"author":[{"embeddable":true,"href":"https:\/\/schmellco.com\/hu\/wp-json\/wp\/v2\/users\/1"}],"replies":[{"embeddable":true,"href":"https:\/\/schmellco.com\/hu\/wp-json\/wp\/v2\/comments?post=2768"}],"version-history":[{"count":14,"href":"https:\/\/schmellco.com\/hu\/wp-json\/wp\/v2\/pages\/2768\/revisions"}],"predecessor-version":[{"id":2912,"href":"https:\/\/schmellco.com\/hu\/wp-json\/wp\/v2\/pages\/2768\/revisions\/2912"}],"wp:attachment":[{"href":"https:\/\/schmellco.com\/hu\/wp-json\/wp\/v2\/media?parent=2768"}],"curies":[{"name":"wp","href":"https:\/\/api.w.org\/{rel}","templated":true}]}}