{"id":3,"date":"2026-01-31T05:59:02","date_gmt":"2026-01-31T05:59:02","guid":{"rendered":"https:\/\/schmellco.com\/?page_id=3"},"modified":"2026-02-01T00:53:33","modified_gmt":"2026-02-01T00:53:33","slug":"privacy-policy","status":"publish","type":"page","link":"https:\/\/schmellco.com\/hu\/privacy-policy\/","title":{"rendered":"Adatv\u00e9delmi ir\u00e1nyelvek"},"content":{"rendered":"<div data-elementor-type=\"wp-page\" data-elementor-id=\"3\" class=\"elementor elementor-3\">\n\t\t\t\t<div class=\"elementor-element elementor-element-62cd0177 e-flex e-con-boxed e-con e-parent\" data-id=\"62cd0177\" data-element_type=\"container\" data-e-type=\"container\">\n\t\t\t\t\t<div class=\"e-con-inner\">\n\t\t\t\t<div class=\"elementor-element elementor-element-53058560 elementor-widget elementor-widget-text-editor\" data-id=\"53058560\" data-element_type=\"widget\" data-e-type=\"widget\" data-widget_type=\"text-editor.default\">\n\t\t\t\t<div class=\"elementor-widget-container\">\n\t\t\t\t\t\t\t\t\t<p data-start=\"164\" data-end=\"191\"><strong>Utols\u00f3 friss\u00edt\u00e9s: 2026.01.31.<\/strong><\/p>\n<p data-start=\"193\" data-end=\"428\">A Schmell &amp; Co. elk\u00f6telezett a weboldal l\u00e1togat\u00f3inak adatv\u00e9delme ir\u00e1nt. Jelen adatv\u00e9delmi t\u00e1j\u00e9koztat\u00f3 ismerteti, hogy milyen adatokat gy\u0171jt\u00fcnk, hogyan haszn\u00e1ljuk fel azokat, \u00e9s mik\u00e9nt v\u00e9dj\u00fck az inform\u00e1ci\u00f3kat, amikor \u00d6n megl\u00e1togatja vagy haszn\u00e1lja ezt a weboldalt.<\/p>\n<p data-start=\"430\" data-end=\"452\"><strong>Gy\u0171jt\u00f6tt adatok<\/strong><\/p>\n<p data-start=\"454\" data-end=\"661\">Azon szem\u00e9lyes adatokat gy\u0171jthetj\u00fck, amelyeket \u00d6n \u00f6nk\u00e9ntesen ad meg ezen a weboldalon kereszt\u00fcl, ide\u00e9rtve a nev\u00e9t, e-mail c\u00edm\u00e9t, telefonsz\u00e1m\u00e1t, valamint a kapcsolatfelv\u00e9teli \u0171rlapokon vagy egy\u00e9b megkeres\u00e9sek sor\u00e1n megadott egy\u00e9b inform\u00e1ci\u00f3kat.<\/p>\n<p data-start=\"663\" data-end=\"936\">El\u0151fordulhat, hogy bizonyos inform\u00e1ci\u00f3kat automatikusan is gy\u0171jt\u00fcnk, amikor \u00d6n megl\u00e1togatja a weboldalt, p\u00e9ld\u00e1ul az IP-c\u00edm\u00e9t, a b\u00f6ng\u00e9sz\u0151 t\u00edpus\u00e1t, az oper\u00e1ci\u00f3s rendszert, a megtekintett oldalakat, valamint a l\u00e1togat\u00e1s d\u00e1tum\u00e1t \u00e9s id\u0151pontj\u00e1t. Ezeket az adatokat szabv\u00e1nyos webanalitikai eszk\u00f6z\u00f6k \u00e9s s\u00fctik (cookie-k) seg\u00edts\u00e9g\u00e9vel gy\u0171jtj\u00fck.<\/p>\n<p data-start=\"938\" data-end=\"960\"><strong>Az adatok felhaszn\u00e1l\u00e1sa<\/strong><\/p>\n<p data-start=\"962\" data-end=\"1171\">A weboldalon kereszt\u00fcl gy\u0171jt\u00f6tt adatokat felhaszn\u00e1lhatjuk megkeres\u00e9sek megv\u00e1laszol\u00e1s\u00e1ra, \u00d6nnel val\u00f3 kapcsolattart\u00e1sra, jogi szolg\u00e1ltat\u00e1sainkr\u00f3l sz\u00f3l\u00f3 t\u00e1j\u00e9koztat\u00e1s ny\u00fajt\u00e1s\u00e1ra, a weboldal m\u0171k\u00f6d\u00e9s\u00e9nek fejleszt\u00e9s\u00e9re, valamint a weboldal biztons\u00e1g\u00e1nak fenntart\u00e1s\u00e1ra.<\/p>\n<p data-start=\"1173\" data-end=\"1403\">A weboldalon kereszt\u00fcl t\u00f6rt\u00e9n\u0151 adatk\u00fcld\u00e9s nem hoz l\u00e9tre \u00fcgyv\u00e9d-\u00fcgyf\u00e9l jogviszonyt, \u00e9s a megadott inform\u00e1ci\u00f3k nem min\u0151s\u00fclnek bizalmasnak mindaddig, am\u00edg az \u00fcgyv\u00e9d-\u00fcgyf\u00e9l kapcsolat hivatalosan l\u00e9tre nem j\u00f6n.<\/p>\n<p data-start=\"1405\" data-end=\"1426\"><strong>S\u00fctik \u00e9s analitika<\/strong><\/p>\n<p data-start=\"1428\" data-end=\"1654\">Ez a weboldal s\u00fctiket vagy hasonl\u00f3 technol\u00f3gi\u00e1kat haszn\u00e1lhat a felhaszn\u00e1l\u00f3i \u00e9lm\u00e9ny jav\u00edt\u00e1sa \u00e9s a weboldal forgalm\u00e1nak elemz\u00e9se \u00e9rdek\u00e9ben. A b\u00f6ng\u00e9sz\u0151 be\u00e1ll\u00edt\u00e1sainak m\u00f3dos\u00edt\u00e1s\u00e1val letilthatja a s\u00fctiket, azonban ez befoly\u00e1solhatja a weboldal egyes funkci\u00f3inak m\u0171k\u00f6d\u00e9s\u00e9t.<\/p>\n<p data-start=\"1656\" data-end=\"1681\"><strong>Adatok tov\u00e1bb\u00edt\u00e1sa<\/strong><\/p>\n<p data-start=\"1683\" data-end=\"1913\">A szem\u00e9lyes adatokat nem \u00e9rt\u00e9kes\u00edtj\u00fck, nem adjuk b\u00e9rbe, \u00e9s nem cser\u00e9lj\u00fck el. Az adatokat kiz\u00e1r\u00f3lag jogszab\u00e1lyi k\u00f6telezetts\u00e9g vagy jogi elj\u00e1r\u00e1s eset\u00e9n, illetve olyan szolg\u00e1ltat\u00f3k r\u00e9sz\u00e9re adhatjuk \u00e1t, akik a weboldal m\u0171k\u00f6d\u00e9s\u00e9ben k\u00f6zrem\u0171k\u00f6dnek, \u00e9s titoktart\u00e1si k\u00f6telezetts\u00e9g terheli \u0151ket.<\/p>\n<p data-start=\"1915\" data-end=\"1928\"><strong>Adatbiztons\u00e1g<\/strong><\/p>\n<p data-start=\"1930\" data-end=\"2159\">Megfelel\u0151 adminisztrat\u00edv \u00e9s technikai int\u00e9zked\u00e9seket tesz\u00fcnk a weboldalon kereszt\u00fcl megadott adatok v\u00e9delme \u00e9rdek\u00e9ben. Ugyanakkor az interneten t\u00f6rt\u00e9n\u0151 adattov\u00e1bb\u00edt\u00e1s egyetlen m\u00f3dja sem tekinthet\u0151 teljes m\u00e9rt\u00e9kben biztons\u00e1gosnak, ez\u00e9rt az adatok abszol\u00fat biztons\u00e1g\u00e1t nem tudjuk garant\u00e1lni.<\/p>\n<p data-start=\"2161\" data-end=\"2181\"><strong>Harmadik felek weboldalai<\/strong><\/p>\n<p data-start=\"2183\" data-end=\"2327\">Ez a weboldal tartalmazhat hivatkoz\u00e1sokat harmadik felek weboldalaira. A Schmell &amp; Co. nem v\u00e1llal felel\u0151ss\u00e9get ezen weboldalak adatkezel\u00e9si gyakorlat\u00e1\u00e9rt vagy tartalm\u00e1\u00e9rt.<\/p>\n<p data-start=\"2329\" data-end=\"2354\"><strong>Kaliforniai adatv\u00e9delmi jogok<\/strong><\/p>\n<p data-start=\"2356\" data-end=\"2622\">A kaliforniai lakosokat a vonatkoz\u00f3 adatv\u00e9delmi jogszab\u00e1lyok alapj\u00e1n bizonyos jogok illethetik meg, bele\u00e9rtve azt a jogot, hogy t\u00e1j\u00e9koztat\u00e1st k\u00e9rjenek a gy\u0171jt\u00f6tt szem\u00e9lyes adatok kateg\u00f3ri\u00e1ir\u00f3l \u00e9s azok felhaszn\u00e1l\u00e1s\u00e1nak m\u00f3dj\u00e1r\u00f3l. Az ilyen k\u00e9relmek az al\u00e1bbi el\u00e9rhet\u0151s\u00e9gek egyik\u00e9n ny\u00fajthat\u00f3k be.<\/p>\n<p data-start=\"2624\" data-end=\"2643\"><strong>Kapcsolattart\u00e1si adatok<\/strong><\/p>\n<p data-start=\"2645\" data-end=\"2735\">Amennyiben k\u00e9rd\u00e9se van jelen adatv\u00e9delmi t\u00e1j\u00e9koztat\u00f3val vagy adatkezel\u00e9si gyakorlatunkkal kapcsolatban, k\u00e9rj\u00fck, l\u00e9pjen kapcsolatba vel\u00fcnk:<\/p>\n<p data-start=\"2737\" data-end=\"2833\">Schmell &amp; Co.<br data-start=\"2750\" data-end=\"2753\" \/>12121 Wilshire Blvd, Suite 810<br data-start=\"2783\" data-end=\"2786\" \/>Los Angeles, CA 90025<br data-start=\"2807\" data-end=\"2810\" \/>Telefon: 310-876-5538<\/p>\n<p>\u00a0<\/p>\n<p>\u00a0<\/p>\t\t\t\t\t\t\t\t<\/div>\n\t\t\t\t<\/div>\n\t\t\t\t\t<\/div>\n\t\t\t\t<\/div>\n\t\t\t\t<\/div>","protected":false},"excerpt":{"rendered":"<p>Last Updated: 1\/31\/26 Schmell &amp; Co. is committed to protecting the privacy of visitors to this website. This Privacy Policy explains how information is collected, used, and protected when you visit or interact with this website. Information We Collect We may collect personal information that you voluntarily provide through this website, including your name, email [&hellip;]<\/p>\n","protected":false},"author":1,"featured_media":0,"parent":0,"menu_order":0,"comment_status":"closed","ping_status":"open","template":"","meta":{"site-sidebar-layout":"default","site-content-layout":"","ast-site-content-layout":"normal-width-container","site-content-style":"default","site-sidebar-style":"default","ast-global-header-display":"disabled","ast-banner-title-visibility":"","ast-main-header-display":"","ast-hfb-above-header-display":"","ast-hfb-below-header-display":"","ast-hfb-mobile-header-display":"","site-post-title":"","ast-breadcrumbs-content":"","ast-featured-img":"","footer-sml-layout":"","ast-disable-related-posts":"","theme-transparent-header-meta":"","adv-header-id-meta":"","stick-header-meta":"","header-above-stick-meta":"","header-main-stick-meta":"","header-below-stick-meta":"","astra-migrate-meta-layouts":"set","ast-page-background-enabled":"default","ast-page-background-meta":{"desktop":{"background-color":"","background-image":"","background-repeat":"repeat","background-position":"center center","background-size":"auto","background-attachment":"scroll","background-type":"","background-media":"","overlay-type":"","overlay-color":"","overlay-opacity":"","overlay-gradient":""},"tablet":{"background-color":"","background-image":"","background-repeat":"repeat","background-position":"center center","background-size":"auto","background-attachment":"scroll","background-type":"","background-media":"","overlay-type":"","overlay-color":"","overlay-opacity":"","overlay-gradient":""},"mobile":{"background-color":"","background-image":"","background-repeat":"repeat","background-position":"center center","background-size":"auto","background-attachment":"scroll","background-type":"","background-media":"","overlay-type":"","overlay-color":"","overlay-opacity":"","overlay-gradient":""}},"ast-content-background-meta":{"desktop":{"background-color":"var(--ast-global-color-5)","background-image":"","background-repeat":"repeat","background-position":"center center","background-size":"auto","background-attachment":"scroll","background-type":"","background-media":"","overlay-type":"","overlay-color":"","overlay-opacity":"","overlay-gradient":""},"tablet":{"background-color":"var(--ast-global-color-5)","background-image":"","background-repeat":"repeat","background-position":"center center","background-size":"auto","background-attachment":"scroll","background-type":"","background-media":"","overlay-type":"","overlay-color":"","overlay-opacity":"","overlay-gradient":""},"mobile":{"background-color":"var(--ast-global-color-5)","background-image":"","background-repeat":"repeat","background-position":"center center","background-size":"auto","background-attachment":"scroll","background-type":"","background-media":"","overlay-type":"","overlay-color":"","overlay-opacity":"","overlay-gradient":""}},"footnotes":""},"class_list":["post-3","page","type-page","status-publish","hentry"],"yoast_head":"<!-- This site is optimized with the Yoast SEO plugin v27.5 - https:\/\/yoast.com\/product\/yoast-seo-wordpress\/ -->\n<title>Privacy Policy | Schmell &amp; Co. \u2013 Los Angeles Probate &amp; Estate Planning<\/title>\n<meta name=\"description\" content=\"Read the Privacy Policy of Schmell &amp; Co, outlining how we collect, use, &amp; protect personal information for our Los Angeles probate, trust, &amp; estate planning clients.\" \/>\n<meta name=\"robots\" content=\"index, follow, max-snippet:-1, max-image-preview:large, max-video-preview:-1\" \/>\n<link rel=\"canonical\" href=\"https:\/\/schmellco.com\/hu\/privacy-policy\/\" \/>\n<meta property=\"og:locale\" content=\"hu_HU\" \/>\n<meta property=\"og:type\" content=\"article\" \/>\n<meta property=\"og:title\" content=\"Privacy Policy | Schmell &amp; Co. \u2013 Los Angeles Probate &amp; Estate Planning\" \/>\n<meta property=\"og:description\" content=\"Read the Privacy Policy of Schmell &amp; Co, outlining how we collect, use, &amp; protect personal information for our Los Angeles probate, trust, &amp; estate planning clients.\" \/>\n<meta property=\"og:url\" content=\"https:\/\/schmellco.com\/hu\/privacy-policy\/\" \/>\n<meta property=\"og:site_name\" content=\"Schmell &amp; Co. | Los Angeles Probate &amp; Estate Planning Attorney\" \/>\n<meta property=\"article:modified_time\" content=\"2026-02-01T00:53:33+00:00\" \/>\n<meta name=\"twitter:card\" content=\"summary_large_image\" \/>\n<meta name=\"twitter:label1\" content=\"Becs\u00fclt olvas\u00e1si id\u0151\" \/>\n\t<meta name=\"twitter:data1\" content=\"2 perc\" \/>\n<script type=\"application\/ld+json\" class=\"yoast-schema-graph\">{\"@context\":\"https:\\\/\\\/schema.org\",\"@graph\":[{\"@type\":\"WebPage\",\"@id\":\"https:\\\/\\\/schmellco.com\\\/privacy-policy\\\/\",\"url\":\"https:\\\/\\\/schmellco.com\\\/privacy-policy\\\/\",\"name\":\"Privacy Policy | Schmell & Co. \u2013 Los Angeles Probate & Estate Planning\",\"isPartOf\":{\"@id\":\"https:\\\/\\\/schmellco.com\\\/#website\"},\"datePublished\":\"2026-01-31T05:59:02+00:00\",\"dateModified\":\"2026-02-01T00:53:33+00:00\",\"description\":\"Read the Privacy Policy of Schmell & Co, outlining how we collect, use, & protect personal information for our Los Angeles probate, trust, & estate planning clients.\",\"breadcrumb\":{\"@id\":\"https:\\\/\\\/schmellco.com\\\/privacy-policy\\\/#breadcrumb\"},\"inLanguage\":\"hu\",\"potentialAction\":[{\"@type\":\"ReadAction\",\"target\":[\"https:\\\/\\\/schmellco.com\\\/privacy-policy\\\/\"]}]},{\"@type\":\"BreadcrumbList\",\"@id\":\"https:\\\/\\\/schmellco.com\\\/privacy-policy\\\/#breadcrumb\",\"itemListElement\":[{\"@type\":\"ListItem\",\"position\":1,\"name\":\"Home\",\"item\":\"https:\\\/\\\/schmellco.com\\\/\"},{\"@type\":\"ListItem\",\"position\":2,\"name\":\"Privacy Policy\"}]},{\"@type\":\"WebSite\",\"@id\":\"https:\\\/\\\/schmellco.com\\\/#website\",\"url\":\"https:\\\/\\\/schmellco.com\\\/\",\"name\":\"Schmell &amp; Co. | Los Angeles Probate &amp; Estate Planning Attorney\",\"description\":\"\",\"publisher\":{\"@id\":\"https:\\\/\\\/schmellco.com\\\/#organization\"},\"potentialAction\":[{\"@type\":\"SearchAction\",\"target\":{\"@type\":\"EntryPoint\",\"urlTemplate\":\"https:\\\/\\\/schmellco.com\\\/?s={search_term_string}\"},\"query-input\":{\"@type\":\"PropertyValueSpecification\",\"valueRequired\":true,\"valueName\":\"search_term_string\"}}],\"inLanguage\":\"hu\"},{\"@type\":\"Organization\",\"@id\":\"https:\\\/\\\/schmellco.com\\\/#organization\",\"name\":\"Schmell &amp; Co. | Los Angeles Probate &amp; Estate Planning Attorney\",\"url\":\"https:\\\/\\\/schmellco.com\\\/\",\"logo\":{\"@type\":\"ImageObject\",\"inLanguage\":\"hu\",\"@id\":\"https:\\\/\\\/schmellco.com\\\/#\\\/schema\\\/logo\\\/image\\\/\",\"url\":\"https:\\\/\\\/schmellco.com\\\/wp-content\\\/uploads\\\/2026\\\/01\\\/cropped-ChatGPT-Image-Jan-31-2026-03_45_32-PM.png\",\"contentUrl\":\"https:\\\/\\\/schmellco.com\\\/wp-content\\\/uploads\\\/2026\\\/01\\\/cropped-ChatGPT-Image-Jan-31-2026-03_45_32-PM.png\",\"width\":1245,\"height\":264,\"caption\":\"Schmell &amp; Co. | Los Angeles Probate &amp; Estate Planning Attorney\"},\"image\":{\"@id\":\"https:\\\/\\\/schmellco.com\\\/#\\\/schema\\\/logo\\\/image\\\/\"}}]}<\/script>\n<!-- \/ Yoast SEO plugin. -->","yoast_head_json":{"title":"Privacy Policy | Schmell & Co. \u2013 Los Angeles Probate & Estate Planning","description":"Read the Privacy Policy of Schmell & Co, outlining how we collect, use, & protect personal information for our Los Angeles probate, trust, & estate planning clients.","robots":{"index":"index","follow":"follow","max-snippet":"max-snippet:-1","max-image-preview":"max-image-preview:large","max-video-preview":"max-video-preview:-1"},"canonical":"https:\/\/schmellco.com\/hu\/privacy-policy\/","og_locale":"hu_HU","og_type":"article","og_title":"Privacy Policy | Schmell & Co. \u2013 Los Angeles Probate & Estate Planning","og_description":"Read the Privacy Policy of Schmell & Co, outlining how we collect, use, & protect personal information for our Los Angeles probate, trust, & estate planning clients.","og_url":"https:\/\/schmellco.com\/hu\/privacy-policy\/","og_site_name":"Schmell &amp; Co. | Los Angeles Probate &amp; Estate Planning Attorney","article_modified_time":"2026-02-01T00:53:33+00:00","twitter_card":"summary_large_image","twitter_misc":{"Becs\u00fclt olvas\u00e1si id\u0151":"2 perc"},"schema":{"@context":"https:\/\/schema.org","@graph":[{"@type":"WebPage","@id":"https:\/\/schmellco.com\/privacy-policy\/","url":"https:\/\/schmellco.com\/privacy-policy\/","name":"Privacy Policy | Schmell & Co. \u2013 Los Angeles Probate & Estate Planning","isPartOf":{"@id":"https:\/\/schmellco.com\/#website"},"datePublished":"2026-01-31T05:59:02+00:00","dateModified":"2026-02-01T00:53:33+00:00","description":"Read the Privacy Policy of Schmell & Co, outlining how we collect, use, & protect personal information for our Los Angeles probate, trust, & estate planning clients.","breadcrumb":{"@id":"https:\/\/schmellco.com\/privacy-policy\/#breadcrumb"},"inLanguage":"hu","potentialAction":[{"@type":"ReadAction","target":["https:\/\/schmellco.com\/privacy-policy\/"]}]},{"@type":"BreadcrumbList","@id":"https:\/\/schmellco.com\/privacy-policy\/#breadcrumb","itemListElement":[{"@type":"ListItem","position":1,"name":"Home","item":"https:\/\/schmellco.com\/"},{"@type":"ListItem","position":2,"name":"Privacy Policy"}]},{"@type":"WebSite","@id":"https:\/\/schmellco.com\/#website","url":"https:\/\/schmellco.com\/","name":"Schmell &amp; Co. | Los Angeles Probate &amp; Estate Planning Attorney","description":"","publisher":{"@id":"https:\/\/schmellco.com\/#organization"},"potentialAction":[{"@type":"SearchAction","target":{"@type":"EntryPoint","urlTemplate":"https:\/\/schmellco.com\/?s={search_term_string}"},"query-input":{"@type":"PropertyValueSpecification","valueRequired":true,"valueName":"search_term_string"}}],"inLanguage":"hu"},{"@type":"Organization","@id":"https:\/\/schmellco.com\/#organization","name":"Schmell &amp; Co. | Los Angeles Probate &amp; Estate Planning Attorney","url":"https:\/\/schmellco.com\/","logo":{"@type":"ImageObject","inLanguage":"hu","@id":"https:\/\/schmellco.com\/#\/schema\/logo\/image\/","url":"https:\/\/schmellco.com\/wp-content\/uploads\/2026\/01\/cropped-ChatGPT-Image-Jan-31-2026-03_45_32-PM.png","contentUrl":"https:\/\/schmellco.com\/wp-content\/uploads\/2026\/01\/cropped-ChatGPT-Image-Jan-31-2026-03_45_32-PM.png","width":1245,"height":264,"caption":"Schmell &amp; Co. | Los Angeles Probate &amp; Estate Planning Attorney"},"image":{"@id":"https:\/\/schmellco.com\/#\/schema\/logo\/image\/"}}]}},"_links":{"self":[{"href":"https:\/\/schmellco.com\/hu\/wp-json\/wp\/v2\/pages\/3","targetHints":{"allow":["GET"]}}],"collection":[{"href":"https:\/\/schmellco.com\/hu\/wp-json\/wp\/v2\/pages"}],"about":[{"href":"https:\/\/schmellco.com\/hu\/wp-json\/wp\/v2\/types\/page"}],"author":[{"embeddable":true,"href":"https:\/\/schmellco.com\/hu\/wp-json\/wp\/v2\/users\/1"}],"replies":[{"embeddable":true,"href":"https:\/\/schmellco.com\/hu\/wp-json\/wp\/v2\/comments?post=3"}],"version-history":[{"count":7,"href":"https:\/\/schmellco.com\/hu\/wp-json\/wp\/v2\/pages\/3\/revisions"}],"predecessor-version":[{"id":2659,"href":"https:\/\/schmellco.com\/hu\/wp-json\/wp\/v2\/pages\/3\/revisions\/2659"}],"wp:attachment":[{"href":"https:\/\/schmellco.com\/hu\/wp-json\/wp\/v2\/media?parent=3"}],"curies":[{"name":"wp","href":"https:\/\/api.w.org\/{rel}","templated":true}]}}